{"id":20209,"date":"2023-07-20T21:05:13","date_gmt":"2023-07-20T21:05:13","guid":{"rendered":"https:\/\/hvacrheritage.ca\/?page_id=20209"},"modified":"2025-10-15T19:41:26","modified_gmt":"2025-10-15T19:41:26","slug":"about-us","status":"publish","type":"page","link":"https:\/\/hvacrheritage.dnmstaging.ca\/fr\/about-us\/","title":{"rendered":"\u00c0 propos de nous"},"content":{"rendered":"<div data-elementor-type=\"wp-page\" data-elementor-id=\"20209\" class=\"elementor elementor-20209\">\n\t\t\t\t\t\t<section class=\"elementor-section elementor-top-section elementor-element elementor-element-2b1184b0 elementor-section-boxed elementor-section-height-default elementor-section-height-default sc_fly_static\" data-id=\"2b1184b0\" data-element_type=\"section\" data-e-type=\"section\" data-settings=\"{&quot;background_background&quot;:&quot;classic&quot;}\">\n\t\t\t\t\t\t<div class=\"elementor-container elementor-column-gap-extended\">\n\t\t\t\t\t<div class=\"elementor-column elementor-col-100 elementor-top-column elementor-element elementor-element-153e1c19 sc_inner_width_none sc_content_align_inherit sc_layouts_column_icons_position_left sc_fly_static\" data-id=\"153e1c19\" data-element_type=\"column\" data-e-type=\"column\">\n\t\t\t<div class=\"elementor-widget-wrap elementor-element-populated\">\n\t\t\t\t\t\t<div class=\"elementor-element elementor-element-54db29de sc_fly_static elementor-widget elementor-widget-text-editor\" data-id=\"54db29de\" data-element_type=\"widget\" data-e-type=\"widget\" data-widget_type=\"text-editor.default\">\n\t\t\t\t<div class=\"elementor-widget-container\">\n\t\t\t\t\t\t\t\t\t<h4>BIENVENUE AU MUS\u00c9E VIRTUEL ET CENTRE D\u2019APPRENTISSAGE DES TECHNOLOGIES DE CHAUFFAGE ET DE REFROIDISSEMENT DU CANADA<\/h4><h6>Nous sommes la maison virtuelle d\u2019une collection in\u00e9gal\u00e9e d\u2019inventions, d\u2019appareils, d\u2019instruments et de technologies dans le domaine du chauffage et du refroidissement.<\/h6><p>Plongez dans notre collection d\u2019artefacts et d\u00e9couvrez le fonctionnement de cette incroyable technologie! Explorez l\u2019histoire et les r\u00e9cits inspirants des r\u00e9alisations technologiques qui ont enrichi le bien-\u00eatre socio-\u00e9conomique du Canada et notre qualit\u00e9 de vie.<\/p><p><strong>PARRAIN\u00c9 PAR LE CENTRE DU PATRIMOINE DE CVCR CANADA<\/strong><br \/>N\u00e9 d\u2019une initiative priv\u00e9e d\u2019un groupe de b\u00e9n\u00e9voles enthousiastes, le Centre du patrimoine de CVCR du Canada est un organisme caritatif national qui se consacre \u00e0 la pr\u00e9servation et \u00e0 l\u2019\u00e9tude de l\u2019histoire et de l\u2019\u00e9volution des technologies du chauffage, de la ventilation, de la climatisation et de la r\u00e9frig\u00e9ration. Nous remplissons notre mandat en recueillant des artefacts et des documents d\u2019archives et en cr\u00e9ant des expositions, des publications et d\u2019autres programmes \u00e9ducatifs \u00e0 l\u2019intention de tous les Canadiens.<\/p>\t\t\t\t\t\t\t\t<\/div>\n\t\t\t\t<\/div>\n\t\t\t\t\t<\/div>\n\t\t<\/div>\n\t\t\t\t\t<\/div>\n\t\t<\/section>\n\t\t\t\t<section class=\"elementor-section elementor-top-section elementor-element elementor-element-7ef86bc8 elementor-section-boxed elementor-section-height-default elementor-section-height-default sc_fly_static\" data-id=\"7ef86bc8\" data-element_type=\"section\" data-e-type=\"section\">\n\t\t\t\t\t\t<div class=\"elementor-container elementor-column-gap-extended\">\n\t\t\t\t\t<div class=\"elementor-column elementor-col-100 elementor-top-column elementor-element elementor-element-19372eea sc_inner_width_none sc_content_align_inherit sc_layouts_column_icons_position_left sc_fly_static\" data-id=\"19372eea\" data-element_type=\"column\" data-e-type=\"column\">\n\t\t\t<div class=\"elementor-widget-wrap elementor-element-populated\">\n\t\t\t\t\t\t<div class=\"elementor-element elementor-element-690b98ed sc_fly_static elementor-widget elementor-widget-spacer\" data-id=\"690b98ed\" data-element_type=\"widget\" data-e-type=\"widget\" data-widget_type=\"spacer.default\">\n\t\t\t\t<div class=\"elementor-widget-container\">\n\t\t\t\t\t\t\t<div class=\"elementor-spacer\">\n\t\t\t<div class=\"elementor-spacer-inner\"><\/div>\n\t\t<\/div>\n\t\t\t\t\t\t<\/div>\n\t\t\t\t<\/div>\n\t\t\t\t\t<\/div>\n\t\t<\/div>\n\t\t\t\t\t<\/div>\n\t\t<\/section>\n\t\t\t\t<section class=\"elementor-section elementor-top-section elementor-element elementor-element-e83f161 elementor-section-boxed elementor-section-height-default elementor-section-height-default sc_fly_static\" data-id=\"e83f161\" data-element_type=\"section\" data-e-type=\"section\">\n\t\t\t\t\t\t<div class=\"elementor-container elementor-column-gap-extended\">\n\t\t\t\t\t<div class=\"elementor-column elementor-col-100 elementor-top-column elementor-element elementor-element-5aaf7a7 sc_inner_width_none sc_content_align_inherit sc_layouts_column_icons_position_left sc_fly_static\" data-id=\"5aaf7a7\" data-element_type=\"column\" data-e-type=\"column\">\n\t\t\t<div class=\"elementor-widget-wrap elementor-element-populated\">\n\t\t\t\t\t\t<div class=\"elementor-element elementor-element-cc02caf sc_fly_static elementor-widget elementor-widget-heading\" data-id=\"cc02caf\" data-element_type=\"widget\" data-e-type=\"widget\" data-widget_type=\"heading.default\">\n\t\t\t\t<div class=\"elementor-widget-container\">\n\t\t\t\t\t<h4 class=\"elementor-heading-title elementor-size-default\">Conseil d\u2019administration HHCC<\/h4>\t\t\t\t<\/div>\n\t\t\t\t<\/div>\n\t\t\t\t\t<\/div>\n\t\t<\/div>\n\t\t\t\t\t<\/div>\n\t\t<\/section>\n\t\t\t\t<section class=\"elementor-section elementor-top-section elementor-element elementor-element-fc2be30 elementor-section-boxed elementor-section-height-default elementor-section-height-default sc_fly_static\" data-id=\"fc2be30\" data-element_type=\"section\" data-e-type=\"section\">\n\t\t\t\t\t\t<div class=\"elementor-container elementor-column-gap-extended\">\n\t\t\t\t\t<div class=\"elementor-column elementor-col-100 elementor-top-column elementor-element elementor-element-c1d9acb sc_inner_width_none sc_content_align_inherit sc_layouts_column_icons_position_left sc_fly_static\" data-id=\"c1d9acb\" data-element_type=\"column\" data-e-type=\"column\">\n\t\t\t<div class=\"elementor-widget-wrap elementor-element-populated\">\n\t\t\t\t\t\t<div class=\"elementor-element elementor-element-f94f4b5 sc_fly_static elementor-widget elementor-widget-spacer\" data-id=\"f94f4b5\" data-element_type=\"widget\" data-e-type=\"widget\" data-widget_type=\"spacer.default\">\n\t\t\t\t<div class=\"elementor-widget-container\">\n\t\t\t\t\t\t\t<div class=\"elementor-spacer\">\n\t\t\t<div class=\"elementor-spacer-inner\"><\/div>\n\t\t<\/div>\n\t\t\t\t\t\t<\/div>\n\t\t\t\t<\/div>\n\t\t\t\t\t<\/div>\n\t\t<\/div>\n\t\t\t\t\t<\/div>\n\t\t<\/section>\n\t\t\t\t<section class=\"elementor-section elementor-top-section elementor-element elementor-element-24ab754 elementor-section-boxed elementor-section-height-default elementor-section-height-default sc_fly_static\" data-id=\"24ab754\" data-element_type=\"section\" data-e-type=\"section\">\n\t\t\t\t\t\t<div class=\"elementor-container elementor-column-gap-extended\">\n\t\t\t\t\t<div class=\"elementor-column elementor-col-100 elementor-top-column elementor-element elementor-element-87e2fce sc_inner_width_none sc_content_align_inherit sc_layouts_column_icons_position_left sc_fly_static\" data-id=\"87e2fce\" data-element_type=\"column\" data-e-type=\"column\">\n\t\t\t<div class=\"elementor-widget-wrap elementor-element-populated\">\n\t\t\t\t\t\t<section class=\"elementor-section elementor-inner-section elementor-element elementor-element-e124050 elementor-section-boxed elementor-section-height-default elementor-section-height-default sc_fly_static\" data-id=\"e124050\" data-element_type=\"section\" data-e-type=\"section\">\n\t\t\t\t\t\t<div class=\"elementor-container elementor-column-gap-extended\">\n\t\t\t\t\t<div class=\"elementor-column elementor-col-50 elementor-inner-column elementor-element elementor-element-91e9b3d sc_inner_width_none sc_content_align_inherit sc_layouts_column_icons_position_left sc_fly_static\" data-id=\"91e9b3d\" data-element_type=\"column\" data-e-type=\"column\">\n\t\t\t<div class=\"elementor-widget-wrap elementor-element-populated\">\n\t\t\t\t\t\t<div class=\"elementor-element elementor-element-feadfa8 sc_fly_static elementor-widget elementor-widget-text-editor\" data-id=\"feadfa8\" data-element_type=\"widget\" data-e-type=\"widget\" data-widget_type=\"text-editor.default\">\n\t\t\t\t<div class=\"elementor-widget-container\">\n\t\t\t\t\t\t\t\t\t<p>Craig MacDonald\u00a0\u00a0\u00a0\u00a0\u00a0\u00a0\u00a0\u00a0\u00a0\u00a0Pr\u00e9sident<\/p><p>Ian Frost\u00a0\u00a0\u00a0\u00a0\u00a0\u00a0\u00a0\u00a0\u00a0\u00a0\u00a0\u00a0\u00a0\u00a0\u00a0\u00a0\u00a0\u00a0\u00a0\u00a0Directeur<\/p><p>Hart Holmstrom\u00a0\u00a0\u00a0\u00a0\u00a0\u00a0\u00a0\u00a0\u00a0Directeur<\/p><p>Brian Storkey\u00a0\u00a0\u00a0\u00a0\u00a0\u00a0\u00a0\u00a0\u00a0\u00a0\u00a0\u00a0\u00a0Directeur<\/p><p>Andrew Tarr\u00a0\u00a0\u00a0\u00a0\u00a0\u00a0\u00a0\u00a0\u00a0\u00a0\u00a0\u00a0\u00a0\u00a0\u00a0Directeur<\/p>\t\t\t\t\t\t\t\t<\/div>\n\t\t\t\t<\/div>\n\t\t\t\t\t<\/div>\n\t\t<\/div>\n\t\t\t\t<div class=\"elementor-column elementor-col-50 elementor-inner-column elementor-element elementor-element-0bef47f sc_inner_width_none sc_content_align_inherit sc_layouts_column_icons_position_left sc_fly_static\" data-id=\"0bef47f\" data-element_type=\"column\" data-e-type=\"column\">\n\t\t\t<div class=\"elementor-widget-wrap elementor-element-populated\">\n\t\t\t\t\t\t<div class=\"elementor-element elementor-element-2e54f8e sc_fly_static elementor-widget elementor-widget-text-editor\" data-id=\"2e54f8e\" data-element_type=\"widget\" data-e-type=\"widget\" data-widget_type=\"text-editor.default\">\n\t\t\t\t<div class=\"elementor-widget-container\">\n\t\t\t\t\t\t\t\t\t<p>Leslie Oliver\u00a0\u00a0 \u00a0 \u00a0 \u00a0 \u00a0 \u00a0 \u00a0 \u00a0Cofondateur et membre honoraire<\/p><p>\u00a0<\/p><p>Coordonnateur national : Daniel Tessier-Young<\/p><p>\u00a0<\/p>\t\t\t\t\t\t\t\t<\/div>\n\t\t\t\t<\/div>\n\t\t\t\t\t<\/div>\n\t\t<\/div>\n\t\t\t\t\t<\/div>\n\t\t<\/section>\n\t\t\t\t\t<\/div>\n\t\t<\/div>\n\t\t\t\t\t<\/div>\n\t\t<\/section>\n\t\t\t\t<section class=\"elementor-section elementor-top-section elementor-element elementor-element-1ee6dd3 elementor-section-boxed elementor-section-height-default elementor-section-height-default sc_fly_static\" data-id=\"1ee6dd3\" data-element_type=\"section\" data-e-type=\"section\">\n\t\t\t\t\t\t<div class=\"elementor-container elementor-column-gap-extended\">\n\t\t\t\t\t<div class=\"elementor-column elementor-col-100 elementor-top-column elementor-element elementor-element-26adb60 sc_inner_width_none sc_content_align_inherit sc_layouts_column_icons_position_left sc_fly_static\" data-id=\"26adb60\" data-element_type=\"column\" data-e-type=\"column\">\n\t\t\t<div class=\"elementor-widget-wrap elementor-element-populated\">\n\t\t\t\t\t\t<div class=\"elementor-element elementor-element-08511d3 sc_fly_static elementor-widget elementor-widget-spacer\" data-id=\"08511d3\" data-element_type=\"widget\" data-e-type=\"widget\" data-widget_type=\"spacer.default\">\n\t\t\t\t<div class=\"elementor-widget-container\">\n\t\t\t\t\t\t\t<div class=\"elementor-spacer\">\n\t\t\t<div class=\"elementor-spacer-inner\"><\/div>\n\t\t<\/div>\n\t\t\t\t\t\t<\/div>\n\t\t\t\t<\/div>\n\t\t\t\t\t<\/div>\n\t\t<\/div>\n\t\t\t\t\t<\/div>\n\t\t<\/section>\n\t\t\t\t<section class=\"elementor-section elementor-top-section elementor-element elementor-element-5dbc2d4 elementor-section-boxed elementor-section-height-default elementor-section-height-default sc_fly_static\" data-id=\"5dbc2d4\" data-element_type=\"section\" data-e-type=\"section\">\n\t\t\t\t\t\t<div class=\"elementor-container elementor-column-gap-extended\">\n\t\t\t\t\t<div class=\"elementor-column elementor-col-100 elementor-top-column elementor-element elementor-element-40ccc9c sc_inner_width_none sc_content_align_inherit sc_layouts_column_icons_position_left sc_fly_static\" data-id=\"40ccc9c\" data-element_type=\"column\" data-e-type=\"column\">\n\t\t\t<div class=\"elementor-widget-wrap elementor-element-populated\">\n\t\t\t\t\t\t<div class=\"elementor-element elementor-element-57dac1a sc_fly_static elementor-widget elementor-widget-heading\" data-id=\"57dac1a\" data-element_type=\"widget\" data-e-type=\"widget\" data-widget_type=\"heading.default\">\n\t\t\t\t<div class=\"elementor-widget-container\">\n\t\t\t\t\t<h4 class=\"elementor-heading-title elementor-size-default\">Supporters et commanditaires <\/h4>\t\t\t\t<\/div>\n\t\t\t\t<\/div>\n\t\t\t\t\t<\/div>\n\t\t<\/div>\n\t\t\t\t\t<\/div>\n\t\t<\/section>\n\t\t\t\t<section class=\"elementor-section elementor-top-section elementor-element elementor-element-270cc2c elementor-section-boxed elementor-section-height-default elementor-section-height-default sc_fly_static\" data-id=\"270cc2c\" data-element_type=\"section\" data-e-type=\"section\">\n\t\t\t\t\t\t<div class=\"elementor-container elementor-column-gap-extended\">\n\t\t\t\t\t<div class=\"elementor-column elementor-col-100 elementor-top-column elementor-element elementor-element-2c55c32 sc_inner_width_none sc_content_align_inherit sc_layouts_column_icons_position_left sc_fly_static\" data-id=\"2c55c32\" data-element_type=\"column\" data-e-type=\"column\">\n\t\t\t<div class=\"elementor-widget-wrap elementor-element-populated\">\n\t\t\t\t\t\t<div class=\"elementor-element elementor-element-70612c7 sc_fly_static elementor-widget elementor-widget-spacer\" data-id=\"70612c7\" data-element_type=\"widget\" data-e-type=\"widget\" data-widget_type=\"spacer.default\">\n\t\t\t\t<div class=\"elementor-widget-container\">\n\t\t\t\t\t\t\t<div class=\"elementor-spacer\">\n\t\t\t<div class=\"elementor-spacer-inner\"><\/div>\n\t\t<\/div>\n\t\t\t\t\t\t<\/div>\n\t\t\t\t<\/div>\n\t\t\t\t\t<\/div>\n\t\t<\/div>\n\t\t\t\t\t<\/div>\n\t\t<\/section>\n\t\t\t\t<section class=\"elementor-section elementor-top-section elementor-element elementor-element-8f555a2 elementor-section-boxed elementor-section-height-default elementor-section-height-default sc_fly_static\" data-id=\"8f555a2\" data-element_type=\"section\" data-e-type=\"section\">\n\t\t\t\t\t\t<div class=\"elementor-container elementor-column-gap-extended\">\n\t\t\t\t\t<div class=\"elementor-column elementor-col-100 elementor-top-column elementor-element elementor-element-e822d0c sc_inner_width_none sc_content_align_inherit sc_layouts_column_icons_position_left sc_fly_static\" data-id=\"e822d0c\" data-element_type=\"column\" data-e-type=\"column\">\n\t\t\t<div class=\"elementor-widget-wrap elementor-element-populated\">\n\t\t\t\t\t\t<div class=\"elementor-element elementor-element-8986913 sc_fly_static elementor-widget elementor-widget-text-editor\" data-id=\"8986913\" data-element_type=\"widget\" data-e-type=\"widget\" data-widget_type=\"text-editor.default\">\n\t\t\t\t<div class=\"elementor-widget-container\">\n\t\t\t\t\t\t\t\t\t<ol><li>Comit\u00e9 mixte de la formation et de l\u2019apprentissage Local 787<\/li><li>Oliver Associates<\/li><li>Ontario Refrigeration &amp; Air Conditioning Contractors Association<\/li><\/ol>\t\t\t\t\t\t\t\t<\/div>\n\t\t\t\t<\/div>\n\t\t\t\t\t<\/div>\n\t\t<\/div>\n\t\t\t\t\t<\/div>\n\t\t<\/section>\n\t\t\t\t<\/div>","protected":false},"excerpt":{"rendered":"<p>WELCOME TO CANADA\u2019S VIRTUAL HEATING AND COOLING TECHNOLOGY MUSEUM AND LEARNING CENTRE We are the virtual home to an unrivalled collection of heating and cooling inventions, devices, instruments, and technology.&hellip;<\/p>","protected":false},"author":1,"featured_media":0,"parent":0,"menu_order":15,"comment_status":"closed","ping_status":"closed","template":"","meta":{"footnotes":""},"class_list":["post-20209","page","type-page","status-publish","hentry"],"yoast_head":"<!-- This site is optimized with the Yoast SEO plugin v27.3 - https:\/\/yoast.com\/product\/yoast-seo-wordpress\/ -->\n<title>About Us - HVACR Heritage Centre<\/title>\n<meta name=\"robots\" content=\"index, follow, max-snippet:-1, max-image-preview:large, max-video-preview:-1\" \/>\n<link rel=\"canonical\" href=\"https:\/\/hvacrheritage.dnmstaging.ca\/fr\/about-us\/\" \/>\n<meta property=\"og:locale\" content=\"fr_CA\" \/>\n<meta property=\"og:type\" content=\"article\" \/>\n<meta property=\"og:title\" content=\"About Us - HVACR Heritage Centre\" \/>\n<meta property=\"og:description\" content=\"WELCOME TO CANADA\u2019S VIRTUAL HEATING AND COOLING TECHNOLOGY MUSEUM AND LEARNING CENTRE We are the virtual home to an unrivalled collection of heating and cooling inventions, devices, instruments, and technology.&hellip;\" \/>\n<meta property=\"og:url\" content=\"https:\/\/hvacrheritage.dnmstaging.ca\/fr\/about-us\/\" \/>\n<meta property=\"og:site_name\" content=\"HVACR Heritage Centre\" \/>\n<meta property=\"article:modified_time\" content=\"2025-10-15T19:41:26+00:00\" \/>\n<meta name=\"twitter:card\" content=\"summary_large_image\" \/>\n<meta name=\"twitter:label1\" content=\"Estimation du temps de lecture\" \/>\n\t<meta name=\"twitter:data1\" content=\"1 minute\" \/>\n<script type=\"application\/ld+json\" class=\"yoast-schema-graph\">{\"@context\":\"https:\\\/\\\/schema.org\",\"@graph\":[{\"@type\":\"WebPage\",\"@id\":\"https:\\\/\\\/hvacrheritage.dnmstaging.ca\\\/about-us\\\/\",\"url\":\"https:\\\/\\\/hvacrheritage.dnmstaging.ca\\\/about-us\\\/\",\"name\":\"About Us - HVACR Heritage Centre\",\"isPartOf\":{\"@id\":\"https:\\\/\\\/hvacrheritage.dnmstaging.ca\\\/#website\"},\"datePublished\":\"2023-07-20T21:05:13+00:00\",\"dateModified\":\"2025-10-15T19:41:26+00:00\",\"breadcrumb\":{\"@id\":\"https:\\\/\\\/hvacrheritage.dnmstaging.ca\\\/about-us\\\/#breadcrumb\"},\"inLanguage\":\"fr-CA\",\"potentialAction\":[{\"@type\":\"ReadAction\",\"target\":[\"https:\\\/\\\/hvacrheritage.dnmstaging.ca\\\/about-us\\\/\"]}]},{\"@type\":\"BreadcrumbList\",\"@id\":\"https:\\\/\\\/hvacrheritage.dnmstaging.ca\\\/about-us\\\/#breadcrumb\",\"itemListElement\":[{\"@type\":\"ListItem\",\"position\":1,\"name\":\"Home\",\"item\":\"https:\\\/\\\/hvacrheritage.dnmstaging.ca\\\/\"},{\"@type\":\"ListItem\",\"position\":2,\"name\":\"About Us\"}]},{\"@type\":\"WebSite\",\"@id\":\"https:\\\/\\\/hvacrheritage.dnmstaging.ca\\\/#website\",\"url\":\"https:\\\/\\\/hvacrheritage.dnmstaging.ca\\\/\",\"name\":\"HVACR Heritage Centre\",\"description\":\"We are the virtual home to an unrivalled collection of heating and cooling inventions, devices, instruments, and technology.\",\"publisher\":{\"@id\":\"https:\\\/\\\/hvacrheritage.dnmstaging.ca\\\/#organization\"},\"potentialAction\":[{\"@type\":\"SearchAction\",\"target\":{\"@type\":\"EntryPoint\",\"urlTemplate\":\"https:\\\/\\\/hvacrheritage.dnmstaging.ca\\\/?s={search_term_string}\"},\"query-input\":{\"@type\":\"PropertyValueSpecification\",\"valueRequired\":true,\"valueName\":\"search_term_string\"}}],\"inLanguage\":\"fr-CA\"},{\"@type\":\"Organization\",\"@id\":\"https:\\\/\\\/hvacrheritage.dnmstaging.ca\\\/#organization\",\"name\":\"HVACR Heritage Centre\",\"url\":\"https:\\\/\\\/hvacrheritage.dnmstaging.ca\\\/\",\"logo\":{\"@type\":\"ImageObject\",\"inLanguage\":\"fr-CA\",\"@id\":\"https:\\\/\\\/hvacrheritage.dnmstaging.ca\\\/#\\\/schema\\\/logo\\\/image\\\/\",\"url\":\"https:\\\/\\\/hvacrheritage.dnmstaging.ca\\\/wp-content\\\/uploads\\\/2023\\\/07\\\/787-Herit-toplogo.png\",\"contentUrl\":\"https:\\\/\\\/hvacrheritage.dnmstaging.ca\\\/wp-content\\\/uploads\\\/2023\\\/07\\\/787-Herit-toplogo.png\",\"width\":310,\"height\":223,\"caption\":\"HVACR Heritage Centre\"},\"image\":{\"@id\":\"https:\\\/\\\/hvacrheritage.dnmstaging.ca\\\/#\\\/schema\\\/logo\\\/image\\\/\"}}]}<\/script>\n<!-- \/ Yoast SEO plugin. -->","yoast_head_json":{"title":"About Us - HVACR Heritage Centre","robots":{"index":"index","follow":"follow","max-snippet":"max-snippet:-1","max-image-preview":"max-image-preview:large","max-video-preview":"max-video-preview:-1"},"canonical":"https:\/\/hvacrheritage.dnmstaging.ca\/fr\/about-us\/","og_locale":"fr_CA","og_type":"article","og_title":"About Us - HVACR Heritage Centre","og_description":"WELCOME TO CANADA\u2019S VIRTUAL HEATING AND COOLING TECHNOLOGY MUSEUM AND LEARNING CENTRE We are the virtual home to an unrivalled collection of heating and cooling inventions, devices, instruments, and technology.&hellip;","og_url":"https:\/\/hvacrheritage.dnmstaging.ca\/fr\/about-us\/","og_site_name":"HVACR Heritage Centre","article_modified_time":"2025-10-15T19:41:26+00:00","twitter_card":"summary_large_image","twitter_misc":{"Estimation du temps de lecture":"1 minute"},"schema":{"@context":"https:\/\/schema.org","@graph":[{"@type":"WebPage","@id":"https:\/\/hvacrheritage.dnmstaging.ca\/about-us\/","url":"https:\/\/hvacrheritage.dnmstaging.ca\/about-us\/","name":"About Us - HVACR Heritage Centre","isPartOf":{"@id":"https:\/\/hvacrheritage.dnmstaging.ca\/#website"},"datePublished":"2023-07-20T21:05:13+00:00","dateModified":"2025-10-15T19:41:26+00:00","breadcrumb":{"@id":"https:\/\/hvacrheritage.dnmstaging.ca\/about-us\/#breadcrumb"},"inLanguage":"fr-CA","potentialAction":[{"@type":"ReadAction","target":["https:\/\/hvacrheritage.dnmstaging.ca\/about-us\/"]}]},{"@type":"BreadcrumbList","@id":"https:\/\/hvacrheritage.dnmstaging.ca\/about-us\/#breadcrumb","itemListElement":[{"@type":"ListItem","position":1,"name":"Home","item":"https:\/\/hvacrheritage.dnmstaging.ca\/"},{"@type":"ListItem","position":2,"name":"About Us"}]},{"@type":"WebSite","@id":"https:\/\/hvacrheritage.dnmstaging.ca\/#website","url":"https:\/\/hvacrheritage.dnmstaging.ca\/","name":"HVACR Heritage Centre","description":"Nous sommes la maison virtuelle d\u2019une collection in\u00e9gal\u00e9e d\u2019inventions, d\u2019appareils, d\u2019instruments et de technologies dans le domaine du chauffage et du refroidissement.","publisher":{"@id":"https:\/\/hvacrheritage.dnmstaging.ca\/#organization"},"potentialAction":[{"@type":"SearchAction","target":{"@type":"EntryPoint","urlTemplate":"https:\/\/hvacrheritage.dnmstaging.ca\/?s={search_term_string}"},"query-input":{"@type":"PropertyValueSpecification","valueRequired":true,"valueName":"search_term_string"}}],"inLanguage":"fr-CA"},{"@type":"Organization","@id":"https:\/\/hvacrheritage.dnmstaging.ca\/#organization","name":"HVACR Heritage Centre","url":"https:\/\/hvacrheritage.dnmstaging.ca\/","logo":{"@type":"ImageObject","inLanguage":"fr-CA","@id":"https:\/\/hvacrheritage.dnmstaging.ca\/#\/schema\/logo\/image\/","url":"https:\/\/hvacrheritage.dnmstaging.ca\/wp-content\/uploads\/2023\/07\/787-Herit-toplogo.png","contentUrl":"https:\/\/hvacrheritage.dnmstaging.ca\/wp-content\/uploads\/2023\/07\/787-Herit-toplogo.png","width":310,"height":223,"caption":"HVACR Heritage Centre"},"image":{"@id":"https:\/\/hvacrheritage.dnmstaging.ca\/#\/schema\/logo\/image\/"}}]}},"_links":{"self":[{"href":"https:\/\/hvacrheritage.dnmstaging.ca\/fr\/wp-json\/wp\/v2\/pages\/20209","targetHints":{"allow":["GET"]}}],"collection":[{"href":"https:\/\/hvacrheritage.dnmstaging.ca\/fr\/wp-json\/wp\/v2\/pages"}],"about":[{"href":"https:\/\/hvacrheritage.dnmstaging.ca\/fr\/wp-json\/wp\/v2\/types\/page"}],"author":[{"embeddable":true,"href":"https:\/\/hvacrheritage.dnmstaging.ca\/fr\/wp-json\/wp\/v2\/users\/1"}],"replies":[{"embeddable":true,"href":"https:\/\/hvacrheritage.dnmstaging.ca\/fr\/wp-json\/wp\/v2\/comments?post=20209"}],"version-history":[{"count":20,"href":"https:\/\/hvacrheritage.dnmstaging.ca\/fr\/wp-json\/wp\/v2\/pages\/20209\/revisions"}],"predecessor-version":[{"id":21296,"href":"https:\/\/hvacrheritage.dnmstaging.ca\/fr\/wp-json\/wp\/v2\/pages\/20209\/revisions\/21296"}],"wp:attachment":[{"href":"https:\/\/hvacrheritage.dnmstaging.ca\/fr\/wp-json\/wp\/v2\/media?parent=20209"}],"curies":[{"name":"wp","href":"https:\/\/api.w.org\/{rel}","templated":true}]}}